{"id":13986,"date":"2024-01-09T11:03:04","date_gmt":"2024-01-09T11:03:04","guid":{"rendered":"https:\/\/sadjecvar.si\/index.php\/contact\/"},"modified":"2025-01-31T08:51:54","modified_gmt":"2025-01-31T07:51:54","slug":"kontakt","status":"publish","type":"page","link":"https:\/\/sadjecvar.si\/index.php\/kontakt\/","title":{"rendered":"Kontakt"},"content":{"rendered":"\t\t<div data-elementor-type=\"wp-page\" data-elementor-id=\"13986\" class=\"elementor elementor-13986\" data-elementor-post-type=\"page\">\n\t\t\t\t<div class=\"elementor-element elementor-element-ff0f06f e-con-full e-flex e-con e-parent\" data-id=\"ff0f06f\" data-element_type=\"container\">\n\t\t<div class=\"elementor-element elementor-element-9f21160 e-flex e-con-boxed e-con e-child\" data-id=\"9f21160\" data-element_type=\"container\">\n\t\t\t\t\t<div class=\"e-con-inner\">\n\t\t\t\t<div class=\"elementor-element elementor-element-d351acf elementor-widget elementor-widget-the7-heading\" data-id=\"d351acf\" data-element_type=\"widget\" data-widget_type=\"the7-heading.default\">\n\t\t\t\t<div class=\"elementor-widget-container\">\n\t\t\t\t\t<h3 class=\"the7-heading-title elementor-size-default\">Za\u010dnimo novo poglavje kar sedaj<\/h3>\t\t\t\t<\/div>\n\t\t\t\t<\/div>\n\t\t\t\t<div class=\"elementor-element elementor-element-6942b64 elementor-widget elementor-widget-global elementor-global-16758 elementor-widget-spacer\" data-id=\"6942b64\" data-element_type=\"widget\" data-widget_type=\"spacer.default\">\n\t\t\t\t<div class=\"elementor-widget-container\">\n\t\t\t\t\t\t\t<div class=\"elementor-spacer\">\n\t\t\t<div class=\"elementor-spacer-inner\"><\/div>\n\t\t<\/div>\n\t\t\t\t\t\t<\/div>\n\t\t\t\t<\/div>\n\t\t\t\t\t<\/div>\n\t\t\t\t<\/div>\n\t\t<div class=\"elementor-element elementor-element-4a80ff7 e-flex e-con-boxed e-con e-child\" data-id=\"4a80ff7\" data-element_type=\"container\">\n\t\t\t\t\t<div class=\"e-con-inner\">\n\t\t<div class=\"elementor-element elementor-element-17bcd51 e-con-full e-flex e-con e-child\" data-id=\"17bcd51\" data-element_type=\"container\">\n\t\t<div class=\"elementor-element elementor-element-f4d6682 e-flex e-con-boxed e-con e-child\" data-id=\"f4d6682\" data-element_type=\"container\">\n\t\t\t\t\t<div class=\"e-con-inner\">\n\t\t<div class=\"elementor-element elementor-element-8f23807 e-flex e-con-boxed e-con e-child\" data-id=\"8f23807\" data-element_type=\"container\">\n\t\t\t\t\t<div class=\"e-con-inner\">\n\t\t\t\t<div class=\"elementor-element elementor-element-4fdc844 elementor-align-left elementor-widget elementor-widget-the7_icon_widget\" data-id=\"4fdc844\" data-element_type=\"widget\" data-widget_type=\"the7_icon_widget.default\">\n\t\t\t\t<div class=\"elementor-widget-container\">\n\t\t\t\t\t<div class=\"the7-icon-wrapper the7-elementor-widget\"><div class=\"elementor-icon\"><svg xmlns=\"http:\/\/www.w3.org\/2000\/svg\" viewBox=\"0 0 24 24\" width=\"48\" height=\"48\" fill=\"currentColor\"><path d=\"M19.9381 8H21C22.1046 8 23 8.89543 23 10V14C23 15.1046 22.1046 16 21 16H19.9381C19.446 19.9463 16.0796 23 12 23V21C15.3137 21 18 18.3137 18 15V9C18 5.68629 15.3137 3 12 3C8.68629 3 6 5.68629 6 9V16H3C1.89543 16 1 15.1046 1 14V10C1 8.89543 1.89543 8 3 8H4.06189C4.55399 4.05369 7.92038 1 12 1C16.0796 1 19.446 4.05369 19.9381 8ZM3 10V14H4V10H3ZM20 10V14H21V10H20ZM7.75944 15.7849L8.81958 14.0887C9.74161 14.6662 10.8318 15 12 15C13.1682 15 14.2584 14.6662 15.1804 14.0887L16.2406 15.7849C15.0112 16.5549 13.5576 17 12 17C10.4424 17 8.98882 16.5549 7.75944 15.7849Z\"><\/path><\/svg><\/div><\/div>\t\t\t\t<\/div>\n\t\t\t\t<\/div>\n\t\t\t\t<div class=\"elementor-element elementor-element-9a61f1c elementor-widget elementor-widget-the7-heading\" data-id=\"9a61f1c\" data-element_type=\"widget\" data-widget_type=\"the7-heading.default\">\n\t\t\t\t<div class=\"elementor-widget-container\">\n\t\t\t\t\t<h4 class=\"the7-heading-title elementor-size-default\"><a href=\"tel:031751068\">Pokli\u010dite nas<\/a><\/h4>\t\t\t\t<\/div>\n\t\t\t\t<\/div>\n\t\t\t\t<div class=\"elementor-element elementor-element-c0868ef elementor-widget elementor-widget-text-editor\" data-id=\"c0868ef\" data-element_type=\"widget\" data-widget_type=\"text-editor.default\">\n\t\t\t\t<div class=\"elementor-widget-container\">\n\t\t\t\t\t\t\t\t\t<p><a href=\"tel:031751068\">031751068<\/a> Peter Cvar<\/p><p><a href=\"tel:041866426\">041866426<\/a> Ida Cvar<\/p>\t\t\t\t\t\t\t\t<\/div>\n\t\t\t\t<\/div>\n\t\t\t\t\t<\/div>\n\t\t\t\t<\/div>\n\t\t<div class=\"elementor-element elementor-element-fe27a27 e-flex e-con-boxed e-con e-child\" data-id=\"fe27a27\" data-element_type=\"container\">\n\t\t\t\t\t<div class=\"e-con-inner\">\n\t\t\t\t<div class=\"elementor-element elementor-element-d473d12 elementor-align-left elementor-widget elementor-widget-the7_icon_widget\" data-id=\"d473d12\" data-element_type=\"widget\" data-widget_type=\"the7_icon_widget.default\">\n\t\t\t\t<div class=\"elementor-widget-container\">\n\t\t\t\t\t<div class=\"the7-icon-wrapper the7-elementor-widget\"><div class=\"elementor-icon\"><svg xmlns=\"http:\/\/www.w3.org\/2000\/svg\" viewBox=\"0 0 24 24\" width=\"48\" height=\"48\" fill=\"currentColor\"><path d=\"M12 18.4853L16.2426 14.2426C18.5858 11.8995 18.5858 8.10051 16.2426 5.75736C13.8995 3.41421 10.1005 3.41421 7.75736 5.75736C5.41421 8.10051 5.41421 11.8995 7.75736 14.2426L12 18.4853ZM17.6569 15.6569L12 21.3137L6.34315 15.6569C3.21895 12.5327 3.21895 7.46734 6.34315 4.34315C9.46734 1.21895 14.5327 1.21895 17.6569 4.34315C20.781 7.46734 20.781 12.5327 17.6569 15.6569ZM5 22H19V24H5V22Z\"><\/path><\/svg><\/div><\/div>\t\t\t\t<\/div>\n\t\t\t\t<\/div>\n\t\t\t\t<div class=\"elementor-element elementor-element-ab06110 elementor-widget elementor-widget-the7-heading\" data-id=\"ab06110\" data-element_type=\"widget\" data-widget_type=\"the7-heading.default\">\n\t\t\t\t<div class=\"elementor-widget-container\">\n\t\t\t\t\t<h5 class=\"the7-heading-title elementor-size-default\"><a href=\"https:\/\/maps.app.goo.gl\/Q64FsrTpx3VVUfHt8\" target=\"_blank\">Leskovec pri Kr\u0161kem<\/a><\/h5>\t\t\t\t<\/div>\n\t\t\t\t<\/div>\n\t\t\t\t<div class=\"elementor-element elementor-element-bc7a818 elementor-widget elementor-widget-text-editor\" data-id=\"bc7a818\" data-element_type=\"widget\" data-widget_type=\"text-editor.default\">\n\t\t\t\t<div class=\"elementor-widget-container\">\n\t\t\t\t\t\t\t\t\t<p><a href=\"https:\/\/maps.app.goo.gl\/Q64FsrTpx3VVUfHt8\" target=\"_blank\" rel=\"noopener\">Senu\u0161e 45 a<\/a><\/p>\t\t\t\t\t\t\t\t<\/div>\n\t\t\t\t<\/div>\n\t\t\t\t\t<\/div>\n\t\t\t\t<\/div>\n\t\t<div class=\"elementor-element elementor-element-4423fc1 e-flex e-con-boxed e-con e-child\" data-id=\"4423fc1\" data-element_type=\"container\">\n\t\t\t\t\t<div class=\"e-con-inner\">\n\t\t\t\t<div class=\"elementor-element elementor-element-0911c56 elementor-align-left elementor-widget elementor-widget-the7_icon_widget\" data-id=\"0911c56\" data-element_type=\"widget\" data-widget_type=\"the7_icon_widget.default\">\n\t\t\t\t<div class=\"elementor-widget-container\">\n\t\t\t\t\t<div class=\"the7-icon-wrapper the7-elementor-widget\"><div class=\"elementor-icon\"><svg xmlns=\"http:\/\/www.w3.org\/2000\/svg\" viewBox=\"0 0 24 24\" width=\"48\" height=\"48\" fill=\"currentColor\"><path d=\"M12 22C6.47715 22 2 17.5228 2 12C2 6.47715 6.47715 2 12 2C17.5228 2 22 6.47715 22 12C22 17.5228 17.5228 22 12 22ZM12 20C16.4183 20 20 16.4183 20 12C20 7.58172 16.4183 4 12 4C7.58172 4 4 7.58172 4 12C4 16.4183 7.58172 20 12 20ZM11 15H13V17H11V15ZM13 13.3551V14H11V12.5C11 11.9477 11.4477 11.5 12 11.5C12.8284 11.5 13.5 10.8284 13.5 10C13.5 9.17157 12.8284 8.5 12 8.5C11.2723 8.5 10.6656 9.01823 10.5288 9.70577L8.56731 9.31346C8.88637 7.70919 10.302 6.5 12 6.5C13.933 6.5 15.5 8.067 15.5 10C15.5 11.5855 14.4457 12.9248 13 13.3551Z\"><\/path><\/svg><\/div><\/div>\t\t\t\t<\/div>\n\t\t\t\t<\/div>\n\t\t\t\t<div class=\"elementor-element elementor-element-9651dfb elementor-widget elementor-widget-the7-heading\" data-id=\"9651dfb\" data-element_type=\"widget\" data-widget_type=\"the7-heading.default\">\n\t\t\t\t<div class=\"elementor-widget-container\">\n\t\t\t\t\t<h5 class=\"the7-heading-title elementor-size-default\"><a href=\"mailto:info@sadjecvar.si\">info@sadjecvar.si<\/a><\/h5>\t\t\t\t<\/div>\n\t\t\t\t<\/div>\n\t\t\t\t<div class=\"elementor-element elementor-element-0754953 elementor-widget elementor-widget-text-editor\" data-id=\"0754953\" data-element_type=\"widget\" data-widget_type=\"text-editor.default\">\n\t\t\t\t<div class=\"elementor-widget-container\">\n\t\t\t\t\t\t\t\t\t<p>Pi\u0161ite nam \ud83d\ude09<\/p>\t\t\t\t\t\t\t\t<\/div>\n\t\t\t\t<\/div>\n\t\t\t\t\t<\/div>\n\t\t\t\t<\/div>\n\t\t<div class=\"elementor-element elementor-element-9d8b98b e-con-full e-flex e-con e-child\" data-id=\"9d8b98b\" data-element_type=\"container\">\n\t\t\t\t<div class=\"elementor-element elementor-element-679995b elementor-align-left elementor-widget elementor-widget-the7_icon_widget\" data-id=\"679995b\" data-element_type=\"widget\" data-widget_type=\"the7_icon_widget.default\">\n\t\t\t\t<div class=\"elementor-widget-container\">\n\t\t\t\t\t<div class=\"the7-icon-wrapper the7-elementor-widget\"><div class=\"elementor-icon\"><svg aria-hidden=\"true\" class=\"e-font-icon-svg e-fas-info-circle\" viewBox=\"0 0 512 512\" xmlns=\"http:\/\/www.w3.org\/2000\/svg\"><path d=\"M256 8C119.043 8 8 119.083 8 256c0 136.997 111.043 248 248 248s248-111.003 248-248C504 119.083 392.957 8 256 8zm0 110c23.196 0 42 18.804 42 42s-18.804 42-42 42-42-18.804-42-42 18.804-42 42-42zm56 254c0 6.627-5.373 12-12 12h-88c-6.627 0-12-5.373-12-12v-24c0-6.627 5.373-12 12-12h12v-64h-12c-6.627 0-12-5.373-12-12v-24c0-6.627 5.373-12 12-12h64c6.627 0 12 5.373 12 12v100h12c6.627 0 12 5.373 12 12v24z\"><\/path><\/svg><\/div><\/div>\t\t\t\t<\/div>\n\t\t\t\t<\/div>\n\t\t\t\t<div class=\"elementor-element elementor-element-dd2d6e4 elementor-widget elementor-widget-the7-heading\" data-id=\"dd2d6e4\" data-element_type=\"widget\" data-widget_type=\"the7-heading.default\">\n\t\t\t\t<div class=\"elementor-widget-container\">\n\t\t\t\t\t<h5 class=\"the7-heading-title elementor-size-default\">ID za DDV<\/h5>\t\t\t\t<\/div>\n\t\t\t\t<\/div>\n\t\t\t\t<div class=\"elementor-element elementor-element-e2b46ab elementor-widget elementor-widget-text-editor\" data-id=\"e2b46ab\" data-element_type=\"widget\" data-widget_type=\"text-editor.default\">\n\t\t\t\t<div class=\"elementor-widget-container\">\n\t\t\t\t\t\t\t\t\t<p>91389771<\/p>\t\t\t\t\t\t\t\t<\/div>\n\t\t\t\t<\/div>\n\t\t\t\t<\/div>\n\t\t\t\t\t<\/div>\n\t\t\t\t<\/div>\n\t\t<div class=\"elementor-element elementor-element-1da9371 elementor-hidden-desktop elementor-hidden-laptop elementor-hidden-tablet_extra elementor-hidden-tablet elementor-hidden-mobile e-flex e-con-boxed e-con e-child\" data-id=\"1da9371\" data-element_type=\"container\">\n\t\t\t\t\t<div class=\"e-con-inner\">\n\t\t\t\t<div class=\"elementor-element elementor-element-17e6c08 elementor-align-left elementor-widget elementor-widget-the7_icon_widget\" data-id=\"17e6c08\" data-element_type=\"widget\" data-widget_type=\"the7_icon_widget.default\">\n\t\t\t\t<div class=\"elementor-widget-container\">\n\t\t\t\t\t<div class=\"the7-icon-wrapper the7-elementor-widget\"><a class=\"elementor-icon\" href=\"#\"><svg xmlns=\"http:\/\/www.w3.org\/2000\/svg\" viewBox=\"0 0 24 24\"><title>YouTube<\/title><path d=\"M23.498 6.186a3.016 3.016 0 0 0-2.122-2.136C19.505 3.545 12 3.545 12 3.545s-7.505 0-9.377.505A3.017 3.017 0 0 0 .502 6.186C0 8.07 0 12 0 12s0 3.93.502 5.814a3.016 3.016 0 0 0 2.122 2.136c1.871.505 9.376.505 9.376.505s7.505 0 9.377-.505a3.015 3.015 0 0 0 2.122-2.136C24 15.93 24 12 24 12s0-3.93-.502-5.814zM9.545 15.568V8.432L15.818 12l-6.273 3.568z\"><\/path><\/svg><\/a><\/div>\t\t\t\t<\/div>\n\t\t\t\t<\/div>\n\t\t\t\t<div class=\"elementor-element elementor-element-db0c95a elementor-align-left elementor-widget elementor-widget-the7_icon_widget\" data-id=\"db0c95a\" data-element_type=\"widget\" data-widget_type=\"the7_icon_widget.default\">\n\t\t\t\t<div class=\"elementor-widget-container\">\n\t\t\t\t\t<div class=\"the7-icon-wrapper the7-elementor-widget\"><a class=\"elementor-icon\" href=\"#\"><svg xmlns=\"http:\/\/www.w3.org\/2000\/svg\" viewBox=\"0 0 24 24\"><title>X<\/title><path d=\"M18.901 1.153h3.68l-8.04 9.19L24 22.846h-7.406l-5.8-7.584-6.638 7.584H.474l8.6-9.83L0 1.154h7.594l5.243 6.932ZM17.61 20.644h2.039L6.486 3.24H4.298Z\"><\/path><\/svg><\/a><\/div>\t\t\t\t<\/div>\n\t\t\t\t<\/div>\n\t\t\t\t<div class=\"elementor-element elementor-element-3ad6302 elementor-align-left elementor-widget elementor-widget-the7_icon_widget\" data-id=\"3ad6302\" data-element_type=\"widget\" data-widget_type=\"the7_icon_widget.default\">\n\t\t\t\t<div class=\"elementor-widget-container\">\n\t\t\t\t\t<div class=\"the7-icon-wrapper the7-elementor-widget\"><a class=\"elementor-icon\" href=\"#\"><svg xmlns=\"http:\/\/www.w3.org\/2000\/svg\" viewBox=\"0 0 24 24\"><title>Facebook<\/title><path d=\"M9.101 23.691v-7.98H6.627v-3.667h2.474v-1.58c0-4.085 1.848-5.978 5.858-5.978.401 0 .955.042 1.468.103a8.68 8.68 0 0 1 1.141.195v3.325a8.623 8.623 0 0 0-.653-.036 26.805 26.805 0 0 0-.733-.009c-.707 0-1.259.096-1.675.309a1.686 1.686 0 0 0-.679.622c-.258.42-.374.995-.374 1.752v1.297h3.919l-.386 2.103-.287 1.564h-3.246v8.245C19.396 23.238 24 18.179 24 12.044c0-6.627-5.373-12-12-12s-12 5.373-12 12c0 5.628 3.874 10.35 9.101 11.647Z\"><\/path><\/svg><\/a><\/div>\t\t\t\t<\/div>\n\t\t\t\t<\/div>\n\t\t\t\t<div class=\"elementor-element elementor-element-379bbd9 elementor-align-left elementor-widget elementor-widget-the7_icon_widget\" data-id=\"379bbd9\" data-element_type=\"widget\" data-widget_type=\"the7_icon_widget.default\">\n\t\t\t\t<div class=\"elementor-widget-container\">\n\t\t\t\t\t<div class=\"the7-icon-wrapper the7-elementor-widget\"><a class=\"elementor-icon\" href=\"#\"><svg xmlns=\"http:\/\/www.w3.org\/2000\/svg\" viewBox=\"0 0 24 24\"><title>Instagram<\/title><path d=\"M7.0301.084c-1.2768.0602-2.1487.264-2.911.5634-.7888.3075-1.4575.72-2.1228 1.3877-.6652.6677-1.075 1.3368-1.3802 2.127-.2954.7638-.4956 1.6365-.552 2.914-.0564 1.2775-.0689 1.6882-.0626 4.947.0062 3.2586.0206 3.6671.0825 4.9473.061 1.2765.264 2.1482.5635 2.9107.308.7889.72 1.4573 1.388 2.1228.6679.6655 1.3365 1.0743 2.1285 1.38.7632.295 1.6361.4961 2.9134.552 1.2773.056 1.6884.069 4.9462.0627 3.2578-.0062 3.668-.0207 4.9478-.0814 1.28-.0607 2.147-.2652 2.9098-.5633.7889-.3086 1.4578-.72 2.1228-1.3881.665-.6682 1.0745-1.3378 1.3795-2.1284.2957-.7632.4966-1.636.552-2.9124.056-1.2809.0692-1.6898.063-4.948-.0063-3.2583-.021-3.6668-.0817-4.9465-.0607-1.2797-.264-2.1487-.5633-2.9117-.3084-.7889-.72-1.4568-1.3876-2.1228C21.2982 1.33 20.628.9208 19.8378.6165 19.074.321 18.2017.1197 16.9244.0645 15.6471.0093 15.236-.005 11.977.0014 8.718.0076 8.31.0215 7.0301.0839m.1402 21.6932c-1.17-.0509-1.8053-.2453-2.2287-.408-.5606-.216-.96-.4771-1.3819-.895-.422-.4178-.6811-.8186-.9-1.378-.1644-.4234-.3624-1.058-.4171-2.228-.0595-1.2645-.072-1.6442-.079-4.848-.007-3.2037.0053-3.583.0607-4.848.05-1.169.2456-1.805.408-2.2282.216-.5613.4762-.96.895-1.3816.4188-.4217.8184-.6814 1.3783-.9003.423-.1651 1.0575-.3614 2.227-.4171 1.2655-.06 1.6447-.072 4.848-.079 3.2033-.007 3.5835.005 4.8495.0608 1.169.0508 1.8053.2445 2.228.408.5608.216.96.4754 1.3816.895.4217.4194.6816.8176.9005 1.3787.1653.4217.3617 1.056.4169 2.2263.0602 1.2655.0739 1.645.0796 4.848.0058 3.203-.0055 3.5834-.061 4.848-.051 1.17-.245 1.8055-.408 2.2294-.216.5604-.4763.96-.8954 1.3814-.419.4215-.8181.6811-1.3783.9-.4224.1649-1.0577.3617-2.2262.4174-1.2656.0595-1.6448.072-4.8493.079-3.2045.007-3.5825-.006-4.848-.0608M16.953 5.5864A1.44 1.44 0 1 0 18.39 4.144a1.44 1.44 0 0 0-1.437 1.4424M5.8385 12.012c.0067 3.4032 2.7706 6.1557 6.173 6.1493 3.4026-.0065 6.157-2.7701 6.1506-6.1733-.0065-3.4032-2.771-6.1565-6.174-6.1498-3.403.0067-6.156 2.771-6.1496 6.1738M8 12.0077a4 4 0 1 1 4.008 3.9921A3.9996 3.9996 0 0 1 8 12.0077\"><\/path><\/svg><\/a><\/div>\t\t\t\t<\/div>\n\t\t\t\t<\/div>\n\t\t\t\t\t<\/div>\n\t\t\t\t<\/div>\n\t\t\t\t<\/div>\n\t\t<div class=\"elementor-element elementor-element-14062c6 e-con-full e-flex e-con e-child\" data-id=\"14062c6\" data-element_type=\"container\" data-settings=\"{&quot;background_background&quot;:&quot;classic&quot;}\">\n\t\t\t\t<div class=\"elementor-element elementor-element-61791e7 elementor-widget elementor-widget-the7-heading\" data-id=\"61791e7\" data-element_type=\"widget\" data-widget_type=\"the7-heading.default\">\n\t\t\t\t<div class=\"elementor-widget-container\">\n\t\t\t\t\t<h2 class=\"the7-heading-title elementor-size-default\">Po\u0161ljite nam sporo\u010dilo<\/h2>\t\t\t\t<\/div>\n\t\t\t\t<\/div>\n\t\t\t\t<div class=\"elementor-element elementor-element-a4855fa elementor-widget elementor-widget-text-editor\" data-id=\"a4855fa\" data-element_type=\"widget\" data-widget_type=\"text-editor.default\">\n\t\t\t\t<div class=\"elementor-widget-container\">\n\t\t\t\t\t\t\t\t\t<p>Imate vpra\u0161anja? Ideje? Izpolnite spodnji obrazec, da dobite na\u0161 predlog.<\/p>\t\t\t\t\t\t\t\t<\/div>\n\t\t\t\t<\/div>\n\t\t\t\t<div class=\"elementor-element elementor-element-f57b292 elementor-widget__width-inherit elementor-button-align-stretch elementor-widget elementor-widget-form\" data-id=\"f57b292\" data-element_type=\"widget\" data-settings=\"{&quot;step_next_label&quot;:&quot;Next&quot;,&quot;step_previous_label&quot;:&quot;Previous&quot;,&quot;button_width&quot;:&quot;100&quot;,&quot;step_type&quot;:&quot;number_text&quot;,&quot;step_icon_shape&quot;:&quot;circle&quot;}\" data-widget_type=\"form.default\">\n\t\t\t\t<div class=\"elementor-widget-container\">\n\t\t\t\t\t\t\t<form class=\"elementor-form\" method=\"post\" name=\"New Form\">\n\t\t\t<input type=\"hidden\" name=\"post_id\" value=\"13986\"\/>\n\t\t\t<input type=\"hidden\" name=\"form_id\" value=\"f57b292\"\/>\n\t\t\t<input type=\"hidden\" name=\"referer_title\" value=\"Kontakt\" \/>\n\n\t\t\t\t\t\t\t<input type=\"hidden\" name=\"queried_id\" value=\"13986\"\/>\n\t\t\t\n\t\t\t<div class=\"elementor-form-fields-wrapper elementor-labels-above\">\n\t\t\t\t\t\t\t\t<div class=\"elementor-field-type-text elementor-field-group elementor-column elementor-field-group-name elementor-col-50 elementor-md-100 elementor-field-required elementor-mark-required\">\n\t\t\t\t\t\t\t\t\t\t\t\t<label for=\"form-field-name\" class=\"elementor-field-label\">\n\t\t\t\t\t\t\t\tIme\t\t\t\t\t\t\t<\/label>\n\t\t\t\t\t\t\t\t\t\t\t\t\t\t<input size=\"1\" type=\"text\" name=\"form_fields[name]\" id=\"form-field-name\" class=\"elementor-field elementor-size-md  elementor-field-textual\" placeholder=\"Ime\" required=\"required\" aria-required=\"true\">\n\t\t\t\t\t\t\t\t\t\t\t<\/div>\n\t\t\t\t\t\t\t\t<div class=\"elementor-field-type-email elementor-field-group elementor-column elementor-field-group-email elementor-col-50 elementor-md-100 elementor-field-required elementor-mark-required\">\n\t\t\t\t\t\t\t\t\t\t\t\t<label for=\"form-field-email\" class=\"elementor-field-label\">\n\t\t\t\t\t\t\t\tEmail\t\t\t\t\t\t\t<\/label>\n\t\t\t\t\t\t\t\t\t\t\t\t\t\t<input size=\"1\" type=\"email\" name=\"form_fields[email]\" id=\"form-field-email\" class=\"elementor-field elementor-size-md  elementor-field-textual\" placeholder=\"Email\" required=\"required\" aria-required=\"true\">\n\t\t\t\t\t\t\t\t\t\t\t<\/div>\n\t\t\t\t\t\t\t\t<div class=\"elementor-field-type-text elementor-field-group elementor-column elementor-field-group-field_2074ad8 elementor-col-50 elementor-md-100\">\n\t\t\t\t\t\t\t\t\t\t\t\t<label for=\"form-field-field_2074ad8\" class=\"elementor-field-label\">\n\t\t\t\t\t\t\t\tTelefon\t\t\t\t\t\t\t<\/label>\n\t\t\t\t\t\t\t\t\t\t\t\t\t\t<input size=\"1\" type=\"text\" name=\"form_fields[field_2074ad8]\" id=\"form-field-field_2074ad8\" class=\"elementor-field elementor-size-md  elementor-field-textual\" placeholder=\"Telefon\">\n\t\t\t\t\t\t\t\t\t\t\t<\/div>\n\t\t\t\t\t\t\t\t<div class=\"elementor-field-type-textarea elementor-field-group elementor-column elementor-field-group-message elementor-col-100\">\n\t\t\t\t\t\t\t\t\t\t\t\t<label for=\"form-field-message\" class=\"elementor-field-label\">\n\t\t\t\t\t\t\t\tPovejte nam kaj vas zanima\t\t\t\t\t\t\t<\/label>\n\t\t\t\t\t\t<textarea class=\"elementor-field-textual elementor-field  elementor-size-md\" name=\"form_fields[message]\" id=\"form-field-message\" rows=\"7\" placeholder=\"Sporo\u010dilo\"><\/textarea>\t\t\t\t<\/div>\n\t\t\t\t\t\t\t\t<div class=\"elementor-field-group elementor-column elementor-field-type-submit elementor-col-100 e-form__buttons\">\n\t\t\t\t\t<button class=\"elementor-button elementor-size-lg\" type=\"submit\">\n\t\t\t\t\t\t<span class=\"elementor-button-content-wrapper\">\n\t\t\t\t\t\t\t\t\t\t\t\t\t\t\t\t\t\t\t\t\t\t<span class=\"elementor-button-text\">Po\u0161lji sporo\u010dilo<\/span>\n\t\t\t\t\t\t\t\t\t\t\t\t\t<\/span>\n\t\t\t\t\t<\/button>\n\t\t\t\t<\/div>\n\t\t\t<\/div>\n\t\t<\/form>\n\t\t\t\t\t\t<\/div>\n\t\t\t\t<\/div>\n\t\t\t\t<\/div>\n\t\t\t\t\t<\/div>\n\t\t\t\t<\/div>\n\t\t\t\t<\/div>\n\t\t\t\t<\/div>\n\t\t","protected":false},"excerpt":{"rendered":"<p>Za\u010dnimo novo poglavje kar sedaj Pokli\u010dite nas 031751068 Peter Cvar 041866426 Ida Cvar Leskovec pri Kr\u0161kem Senu\u0161e 45 a info@sadjecvar.si Pi\u0161ite nam \ud83d\ude09 ID za DDV 91389771 YouTube X Facebook Instagram Po\u0161ljite nam sporo\u010dilo Imate vpra\u0161anja? Ideje? Izpolnite spodnji obrazec, da dobite na\u0161 predlog.<\/p>\n","protected":false},"author":1,"featured_media":0,"parent":0,"menu_order":60,"comment_status":"closed","ping_status":"closed","template":"","meta":{"footnotes":""},"class_list":["post-13986","page","type-page","status-publish","hentry"],"_links":{"self":[{"href":"https:\/\/sadjecvar.si\/index.php\/wp-json\/wp\/v2\/pages\/13986","targetHints":{"allow":["GET"]}}],"collection":[{"href":"https:\/\/sadjecvar.si\/index.php\/wp-json\/wp\/v2\/pages"}],"about":[{"href":"https:\/\/sadjecvar.si\/index.php\/wp-json\/wp\/v2\/types\/page"}],"author":[{"embeddable":true,"href":"https:\/\/sadjecvar.si\/index.php\/wp-json\/wp\/v2\/users\/1"}],"replies":[{"embeddable":true,"href":"https:\/\/sadjecvar.si\/index.php\/wp-json\/wp\/v2\/comments?post=13986"}],"version-history":[{"count":13,"href":"https:\/\/sadjecvar.si\/index.php\/wp-json\/wp\/v2\/pages\/13986\/revisions"}],"predecessor-version":[{"id":20360,"href":"https:\/\/sadjecvar.si\/index.php\/wp-json\/wp\/v2\/pages\/13986\/revisions\/20360"}],"wp:attachment":[{"href":"https:\/\/sadjecvar.si\/index.php\/wp-json\/wp\/v2\/media?parent=13986"}],"curies":[{"name":"wp","href":"https:\/\/api.w.org\/{rel}","templated":true}]}}